{"id":17,"date":"2023-09-15T11:06:46","date_gmt":"2023-09-15T14:06:46","guid":{"rendered":"http:\/\/puntomarketing.net\/buenamadera\/?page_id=17"},"modified":"2025-09-26T12:17:04","modified_gmt":"2025-09-26T15:17:04","slug":"mayorista","status":"publish","type":"page","link":"https:\/\/puntomarketing.net\/buenamadera\/","title":{"rendered":"Mayorista"},"content":{"rendered":"\n<p>\u00bfQUER\u00c9S COMPRAR EN FORMA MAYORISTA?<\/p>\n\n\n\n<p>SI TEN\u00c9S UN LOCAL F\u00cdSICO O VENTA ONLINE Y QUER\u00c9S VENDER NUESTROS PRODUCTOS EN TU NEGOCIO, COMUNICATE CON NOSOTROS COMPLETANDO EL FORMULARIO AS\u00cd PODEMOS ASESORARTE, ENVIAR CAT\u00c1LOGO Y LISTA DE PRECIOS.<\/p>\n","protected":false},"excerpt":{"rendered":"<p>\u00bfQUER\u00c9S COMPRAR EN FORMA MAYORISTA? SI TEN\u00c9S UN LOCAL F\u00cdSICO O VENTA ONLINE Y QUER\u00c9S VENDER NUESTROS PRODUCTOS EN TU &hellip; <\/p>\n","protected":false},"author":2,"featured_media":138,"parent":0,"menu_order":0,"comment_status":"closed","ping_status":"closed","template":"","meta":{"footnotes":""},"class_list":["post-17","page","type-page","status-publish","has-post-thumbnail","hentry"],"aioseo_notices":[],"_links":{"self":[{"href":"https:\/\/puntomarketing.net\/buenamadera\/wp-json\/wp\/v2\/pages\/17","targetHints":{"allow":["GET"]}}],"collection":[{"href":"https:\/\/puntomarketing.net\/buenamadera\/wp-json\/wp\/v2\/pages"}],"about":[{"href":"https:\/\/puntomarketing.net\/buenamadera\/wp-json\/wp\/v2\/types\/page"}],"author":[{"embeddable":true,"href":"https:\/\/puntomarketing.net\/buenamadera\/wp-json\/wp\/v2\/users\/2"}],"replies":[{"embeddable":true,"href":"https:\/\/puntomarketing.net\/buenamadera\/wp-json\/wp\/v2\/comments?post=17"}],"version-history":[{"count":5,"href":"https:\/\/puntomarketing.net\/buenamadera\/wp-json\/wp\/v2\/pages\/17\/revisions"}],"predecessor-version":[{"id":153,"href":"https:\/\/puntomarketing.net\/buenamadera\/wp-json\/wp\/v2\/pages\/17\/revisions\/153"}],"wp:featuredmedia":[{"embeddable":true,"href":"https:\/\/puntomarketing.net\/buenamadera\/wp-json\/wp\/v2\/media\/138"}],"wp:attachment":[{"href":"https:\/\/puntomarketing.net\/buenamadera\/wp-json\/wp\/v2\/media?parent=17"}],"curies":[{"name":"wp","href":"https:\/\/api.w.org\/{rel}","templated":true}]}}